{"id":3492,"date":"2024-10-07T15:49:17","date_gmt":"2024-10-07T13:49:17","guid":{"rendered":"https:\/\/landing.fomei.com\/?page_id=3492"},"modified":"2024-10-11T12:42:10","modified_gmt":"2024-10-11T10:42:10","slug":"predstaveni-nove-produkcni-fototiskarny-epson-sc-p20500","status":"publish","type":"page","link":"https:\/\/landing.fomei.com\/pl\/predstaveni-nove-produkcni-fototiskarny-epson-sc-p20500\/","title":{"rendered":"P\u0159edstaven\u00ed nov\u00e9 produk\u010dn\u00ed fototisk\u00e1rny EPSON SC-P20500"},"content":{"rendered":"\t\t<div data-elementor-type=\"wp-page\" data-elementor-id=\"3492\" class=\"elementor elementor-3492\" data-elementor-post-type=\"page\">\n\t\t\t\t\t\t<section class=\"elementor-section elementor-top-section elementor-element elementor-element-25ed2e4 elementor-section-boxed elementor-section-height-default elementor-section-height-default\" data-id=\"25ed2e4\" data-element_type=\"section\" data-e-type=\"section\">\n\t\t\t\t\t\t<div class=\"elementor-container elementor-column-gap-default\">\n\t\t\t\t\t<div class=\"elementor-column elementor-col-100 elementor-top-column elementor-element elementor-element-f7f1bce\" data-id=\"f7f1bce\" data-element_type=\"column\" data-e-type=\"column\">\n\t\t\t<div class=\"elementor-widget-wrap elementor-element-populated\">\n\t\t\t\t\t\t<div class=\"elementor-element elementor-element-afac34f elementor-button-align-stretch elementor-widget elementor-widget-form\" data-id=\"afac34f\" data-element_type=\"widget\" data-e-type=\"widget\" data-settings=\"{&quot;step_next_label&quot;:&quot;Next&quot;,&quot;step_previous_label&quot;:&quot;Previous&quot;,&quot;button_width&quot;:&quot;100&quot;,&quot;step_type&quot;:&quot;number_text&quot;,&quot;step_icon_shape&quot;:&quot;circle&quot;}\" data-widget_type=\"form.default\">\n\t\t\t\t<div class=\"elementor-widget-container\">\n\t\t\t\t\t\t\t<form class=\"elementor-form\" method=\"post\" id=\"servisak_formular\" name=\"Formul\u00e1\u0159 - SC-P20500\" aria-label=\"Formul\u00e1\u0159 - SC-P20500\">\n\t\t\t<input type=\"hidden\" name=\"post_id\" value=\"3492\"\/>\n\t\t\t<input type=\"hidden\" name=\"form_id\" value=\"afac34f\"\/>\n\t\t\t<input type=\"hidden\" name=\"referer_title\" value=\"P\u0159edstaven\u00ed nov\u00e9 produk\u010dn\u00ed fototisk\u00e1rny EPSON SC-P20500 - FOMEI s.r.o.\" \/>\n\n\t\t\t\t\t\t\t<input type=\"hidden\" name=\"queried_id\" value=\"3492\"\/>\n\t\t\t\n\t\t\t<div class=\"elementor-form-fields-wrapper elementor-labels-above\">\n\t\t\t\t\t\t\t\t<div class=\"elementor-field-type-text elementor-field-group elementor-column elementor-field-group-name elementor-col-100\">\n\t\t\t\t\t\t\t\t\t\t\t\t<label for=\"form-field-name\" class=\"elementor-field-label\">\n\t\t\t\t\t\t\t\tJm\u00e9no a p\u0159\u00edjmen\u00ed\t\t\t\t\t\t\t<\/label>\n\t\t\t\t\t\t\t\t\t\t\t\t\t\t<input size=\"1\" type=\"text\" name=\"form_fields[name]\" id=\"form-field-name\" class=\"elementor-field elementor-size-sm  elementor-field-textual\">\n\t\t\t\t\t\t\t\t\t\t\t<\/div>\n\t\t\t\t\t\t\t\t<div class=\"elementor-field-type-email elementor-field-group elementor-column elementor-field-group-email elementor-col-100 elementor-field-required\">\n\t\t\t\t\t\t\t\t\t\t\t\t<label for=\"form-field-email\" class=\"elementor-field-label\">\n\t\t\t\t\t\t\t\tKontaktn\u00ed e-mail\t\t\t\t\t\t\t<\/label>\n\t\t\t\t\t\t\t\t\t\t\t\t\t\t<input size=\"1\" type=\"email\" name=\"form_fields[email]\" id=\"form-field-email\" class=\"elementor-field elementor-size-sm  elementor-field-textual\" required=\"required\">\n\t\t\t\t\t\t\t\t\t\t\t<\/div>\n\t\t\t\t\t\t\t\t<div class=\"elementor-field-type-tel elementor-field-group elementor-column elementor-field-group-Telefon elementor-col-100\">\n\t\t\t\t\t\t\t\t\t\t\t\t<label for=\"form-field-Telefon\" class=\"elementor-field-label\">\n\t\t\t\t\t\t\t\tTelefonn\u00ed \u010d\u00edslo\t\t\t\t\t\t\t<\/label>\n\t\t\t\t\t\t\t\t<input size=\"1\" type=\"tel\" name=\"form_fields[Telefon]\" id=\"form-field-Telefon\" class=\"elementor-field elementor-size-sm  elementor-field-textual\" pattern=\"[0-9()#&amp;+*-=.]+\" title=\"Akceptowane s\u0105 jedynie cyfry i znaki telefoniczne (#,-,*).\">\n\n\t\t\t\t\t\t<\/div>\n\t\t\t\t\t\t\t\t<div class=\"elementor-field-type-textarea elementor-field-group elementor-column elementor-field-group-message elementor-col-100\">\n\t\t\t\t\t\t\t\t\t\t\t\t<label for=\"form-field-message\" class=\"elementor-field-label\">\n\t\t\t\t\t\t\t\tZpr\u00e1va\t\t\t\t\t\t\t<\/label>\n\t\t\t\t\t\t<textarea class=\"elementor-field-textual elementor-field  elementor-size-sm\" name=\"form_fields[message]\" id=\"form-field-message\" rows=\"4\"><\/textarea>\t\t\t\t<\/div>\n\t\t\t\t\t\t\t\t<div class=\"elementor-field-type-recaptcha_v3 elementor-field-group elementor-column elementor-field-group-field_a4f2eda elementor-col-100 recaptcha_v3-bottomright\">\n\t\t\t\t\t<div class=\"elementor-field\" id=\"form-field-field_a4f2eda\"><div class=\"elementor-g-recaptcha\" data-sitekey=\"6LeygPApAAAAAKjrOVEEUmY-buSx-PEBV7xq-pPy\" data-type=\"v3\" data-action=\"Form\" data-badge=\"bottomright\" data-size=\"invisible\"><\/div><\/div>\t\t\t\t<\/div>\n\t\t\t\t\t\t\t\t<div class=\"elementor-field-group elementor-column elementor-field-type-submit elementor-col-100 e-form__buttons\">\n\t\t\t\t\t<button class=\"elementor-button elementor-size-sm\" type=\"submit\">\n\t\t\t\t\t\t<span class=\"elementor-button-content-wrapper\">\n\t\t\t\t\t\t\t\t\t\t\t\t\t\t\t\t\t\t\t\t\t\t<span class=\"elementor-button-text\">Registrovat na ud\u00e1lost<\/span>\n\t\t\t\t\t\t\t\t\t\t\t\t\t<\/span>\n\t\t\t\t\t<\/button>\n\t\t\t\t<\/div>\n\t\t\t<\/div>\n\t\t<\/form>\n\t\t\t\t\t\t<\/div>\n\t\t\t\t<\/div>\n\t\t\t\t<div class=\"elementor-element elementor-element-4a089db elementor-widget elementor-widget-text-editor\" data-id=\"4a089db\" data-element_type=\"widget\" data-e-type=\"widget\" data-widget_type=\"text-editor.default\">\n\t\t\t\t<div class=\"elementor-widget-container\">\n\t\t\t\t\t\t\t\t\t<p>Odesl\u00e1n\u00edm souhlas\u00edte s pravidly\u00a0<span style=\"text-decoration: underline;\"><a href=\"https:\/\/www.fomei.com\/souhlas-newsletter\">zpracov\u00e1n\u00edm osobn\u00edch \u00fadaj\u016f<\/a>.<\/span><\/p>\t\t\t\t\t\t\t\t<\/div>\n\t\t\t\t<\/div>\n\t\t\t\t\t<\/div>\n\t\t<\/div>\n\t\t\t\t\t<\/div>\n\t\t<\/section>\n\t\t\t\t<\/div>\n\t\t","protected":false},"excerpt":{"rendered":"<p>Odesl\u00e1n\u00edm souhlas\u00edte s pravidly\u00a0zpracov\u00e1n\u00edm osobn\u00edch \u00fadaj\u016f.<\/p>","protected":false},"author":1,"featured_media":0,"parent":0,"menu_order":0,"comment_status":"closed","ping_status":"closed","template":"elementor_canvas","meta":{"footnotes":""},"class_list":["post-3492","page","type-page","status-publish","hentry"],"yoast_head":"<!-- This site is optimized with the Yoast SEO plugin v27.3 - https:\/\/yoast.com\/product\/yoast-seo-wordpress\/ -->\n<title>P\u0159edstaven\u00ed nov\u00e9 produk\u010dn\u00ed fototisk\u00e1rny EPSON SC-P20500 - FOMEI s.r.o.<\/title>\n<meta name=\"robots\" content=\"index, follow, max-snippet:-1, max-image-preview:large, max-video-preview:-1\" \/>\n<link rel=\"canonical\" href=\"https:\/\/landing.fomei.com\/pl\/predstaveni-nove-produkcni-fototiskarny-epson-sc-p20500\/\" \/>\n<meta property=\"og:locale\" content=\"pl_PL\" \/>\n<meta property=\"og:type\" content=\"article\" \/>\n<meta property=\"og:title\" content=\"P\u0159edstaven\u00ed nov\u00e9 produk\u010dn\u00ed fototisk\u00e1rny EPSON SC-P20500 - FOMEI s.r.o.\" \/>\n<meta property=\"og:description\" content=\"Odesl\u00e1n\u00edm souhlas\u00edte s pravidly\u00a0zpracov\u00e1n\u00edm osobn\u00edch \u00fadaj\u016f.\" \/>\n<meta property=\"og:url\" content=\"https:\/\/landing.fomei.com\/pl\/predstaveni-nove-produkcni-fototiskarny-epson-sc-p20500\/\" \/>\n<meta property=\"og:site_name\" content=\"FOMEI s.r.o.\" \/>\n<meta property=\"article:modified_time\" content=\"2024-10-11T10:42:10+00:00\" \/>\n<meta name=\"twitter:card\" content=\"summary_large_image\" \/>\n<meta name=\"twitter:label1\" content=\"Szacowany czas czytania\" \/>\n\t<meta name=\"twitter:data1\" content=\"1 minuta\" \/>\n<script type=\"application\/ld+json\" class=\"yoast-schema-graph\">{\"@context\":\"https:\\\/\\\/schema.org\",\"@graph\":[{\"@type\":\"WebPage\",\"@id\":\"https:\\\/\\\/landing.fomei.com\\\/predstaveni-nove-produkcni-fototiskarny-epson-sc-p20500\\\/\",\"url\":\"https:\\\/\\\/landing.fomei.com\\\/predstaveni-nove-produkcni-fototiskarny-epson-sc-p20500\\\/\",\"name\":\"P\u0159edstaven\u00ed nov\u00e9 produk\u010dn\u00ed fototisk\u00e1rny EPSON SC-P20500 - FOMEI s.r.o.\",\"isPartOf\":{\"@id\":\"https:\\\/\\\/landing.fomei.com\\\/#website\"},\"datePublished\":\"2024-10-07T13:49:17+00:00\",\"dateModified\":\"2024-10-11T10:42:10+00:00\",\"breadcrumb\":{\"@id\":\"https:\\\/\\\/landing.fomei.com\\\/predstaveni-nove-produkcni-fototiskarny-epson-sc-p20500\\\/#breadcrumb\"},\"inLanguage\":\"pl-PL\",\"potentialAction\":[{\"@type\":\"ReadAction\",\"target\":[\"https:\\\/\\\/landing.fomei.com\\\/predstaveni-nove-produkcni-fototiskarny-epson-sc-p20500\\\/\"]}]},{\"@type\":\"BreadcrumbList\",\"@id\":\"https:\\\/\\\/landing.fomei.com\\\/predstaveni-nove-produkcni-fototiskarny-epson-sc-p20500\\\/#breadcrumb\",\"itemListElement\":[{\"@type\":\"ListItem\",\"position\":1,\"name\":\"Dom\u016f\",\"item\":\"https:\\\/\\\/landing.fomei.com\\\/\"},{\"@type\":\"ListItem\",\"position\":2,\"name\":\"P\u0159edstaven\u00ed nov\u00e9 produk\u010dn\u00ed fototisk\u00e1rny EPSON SC-P20500\"}]},{\"@type\":\"WebSite\",\"@id\":\"https:\\\/\\\/landing.fomei.com\\\/#website\",\"url\":\"https:\\\/\\\/landing.fomei.com\\\/\",\"name\":\"FOMEI s.r.o.\",\"description\":\"P\u0159ist\u00e1vac\u00ed str\u00e1nka\",\"publisher\":{\"@id\":\"https:\\\/\\\/landing.fomei.com\\\/#organization\"},\"potentialAction\":[{\"@type\":\"SearchAction\",\"target\":{\"@type\":\"EntryPoint\",\"urlTemplate\":\"https:\\\/\\\/landing.fomei.com\\\/?s={search_term_string}\"},\"query-input\":{\"@type\":\"PropertyValueSpecification\",\"valueRequired\":true,\"valueName\":\"search_term_string\"}}],\"inLanguage\":\"pl-PL\"},{\"@type\":\"Organization\",\"@id\":\"https:\\\/\\\/landing.fomei.com\\\/#organization\",\"name\":\"FOMEI s.r.o.\",\"url\":\"https:\\\/\\\/landing.fomei.com\\\/\",\"logo\":{\"@type\":\"ImageObject\",\"inLanguage\":\"pl-PL\",\"@id\":\"https:\\\/\\\/landing.fomei.com\\\/#\\\/schema\\\/logo\\\/image\\\/\",\"url\":\"https:\\\/\\\/landing.fomei.com\\\/wp-content\\\/uploads\\\/2022\\\/06\\\/FOMEI_logo_colors.png\",\"contentUrl\":\"https:\\\/\\\/landing.fomei.com\\\/wp-content\\\/uploads\\\/2022\\\/06\\\/FOMEI_logo_colors.png\",\"width\":2048,\"height\":391,\"caption\":\"FOMEI s.r.o.\"},\"image\":{\"@id\":\"https:\\\/\\\/landing.fomei.com\\\/#\\\/schema\\\/logo\\\/image\\\/\"}}]}<\/script>\n<!-- \/ Yoast SEO plugin. -->","yoast_head_json":{"title":"P\u0159edstaven\u00ed nov\u00e9 produk\u010dn\u00ed fototisk\u00e1rny EPSON SC-P20500 - FOMEI s.r.o.","robots":{"index":"index","follow":"follow","max-snippet":"max-snippet:-1","max-image-preview":"max-image-preview:large","max-video-preview":"max-video-preview:-1"},"canonical":"https:\/\/landing.fomei.com\/pl\/predstaveni-nove-produkcni-fototiskarny-epson-sc-p20500\/","og_locale":"pl_PL","og_type":"article","og_title":"P\u0159edstaven\u00ed nov\u00e9 produk\u010dn\u00ed fototisk\u00e1rny EPSON SC-P20500 - FOMEI s.r.o.","og_description":"Odesl\u00e1n\u00edm souhlas\u00edte s pravidly\u00a0zpracov\u00e1n\u00edm osobn\u00edch \u00fadaj\u016f.","og_url":"https:\/\/landing.fomei.com\/pl\/predstaveni-nove-produkcni-fototiskarny-epson-sc-p20500\/","og_site_name":"FOMEI s.r.o.","article_modified_time":"2024-10-11T10:42:10+00:00","twitter_card":"summary_large_image","twitter_misc":{"Szacowany czas czytania":"1 minuta"},"schema":{"@context":"https:\/\/schema.org","@graph":[{"@type":"WebPage","@id":"https:\/\/landing.fomei.com\/predstaveni-nove-produkcni-fototiskarny-epson-sc-p20500\/","url":"https:\/\/landing.fomei.com\/predstaveni-nove-produkcni-fototiskarny-epson-sc-p20500\/","name":"P\u0159edstaven\u00ed nov\u00e9 produk\u010dn\u00ed fototisk\u00e1rny EPSON SC-P20500 - FOMEI s.r.o.","isPartOf":{"@id":"https:\/\/landing.fomei.com\/#website"},"datePublished":"2024-10-07T13:49:17+00:00","dateModified":"2024-10-11T10:42:10+00:00","breadcrumb":{"@id":"https:\/\/landing.fomei.com\/predstaveni-nove-produkcni-fototiskarny-epson-sc-p20500\/#breadcrumb"},"inLanguage":"pl-PL","potentialAction":[{"@type":"ReadAction","target":["https:\/\/landing.fomei.com\/predstaveni-nove-produkcni-fototiskarny-epson-sc-p20500\/"]}]},{"@type":"BreadcrumbList","@id":"https:\/\/landing.fomei.com\/predstaveni-nove-produkcni-fototiskarny-epson-sc-p20500\/#breadcrumb","itemListElement":[{"@type":"ListItem","position":1,"name":"Dom\u016f","item":"https:\/\/landing.fomei.com\/"},{"@type":"ListItem","position":2,"name":"P\u0159edstaven\u00ed nov\u00e9 produk\u010dn\u00ed fototisk\u00e1rny EPSON SC-P20500"}]},{"@type":"WebSite","@id":"https:\/\/landing.fomei.com\/#website","url":"https:\/\/landing.fomei.com\/","name":"FOMEI s.r.o.","description":"P\u0159ist\u00e1vac\u00ed str\u00e1nka","publisher":{"@id":"https:\/\/landing.fomei.com\/#organization"},"potentialAction":[{"@type":"SearchAction","target":{"@type":"EntryPoint","urlTemplate":"https:\/\/landing.fomei.com\/?s={search_term_string}"},"query-input":{"@type":"PropertyValueSpecification","valueRequired":true,"valueName":"search_term_string"}}],"inLanguage":"pl-PL"},{"@type":"Organization","@id":"https:\/\/landing.fomei.com\/#organization","name":"FOMEI s.r.o.","url":"https:\/\/landing.fomei.com\/","logo":{"@type":"ImageObject","inLanguage":"pl-PL","@id":"https:\/\/landing.fomei.com\/#\/schema\/logo\/image\/","url":"https:\/\/landing.fomei.com\/wp-content\/uploads\/2022\/06\/FOMEI_logo_colors.png","contentUrl":"https:\/\/landing.fomei.com\/wp-content\/uploads\/2022\/06\/FOMEI_logo_colors.png","width":2048,"height":391,"caption":"FOMEI s.r.o."},"image":{"@id":"https:\/\/landing.fomei.com\/#\/schema\/logo\/image\/"}}]}},"_links":{"self":[{"href":"https:\/\/landing.fomei.com\/pl\/wp-json\/wp\/v2\/pages\/3492","targetHints":{"allow":["GET"]}}],"collection":[{"href":"https:\/\/landing.fomei.com\/pl\/wp-json\/wp\/v2\/pages"}],"about":[{"href":"https:\/\/landing.fomei.com\/pl\/wp-json\/wp\/v2\/types\/page"}],"author":[{"embeddable":true,"href":"https:\/\/landing.fomei.com\/pl\/wp-json\/wp\/v2\/users\/1"}],"replies":[{"embeddable":true,"href":"https:\/\/landing.fomei.com\/pl\/wp-json\/wp\/v2\/comments?post=3492"}],"version-history":[{"count":0,"href":"https:\/\/landing.fomei.com\/pl\/wp-json\/wp\/v2\/pages\/3492\/revisions"}],"wp:attachment":[{"href":"https:\/\/landing.fomei.com\/pl\/wp-json\/wp\/v2\/media?parent=3492"}],"curies":[{"name":"wp","href":"https:\/\/api.w.org\/{rel}","templated":true}]}}