{"id":802,"date":"2022-07-12T08:42:34","date_gmt":"2022-07-12T06:42:34","guid":{"rendered":"https:\/\/landing.fomei.com\/?page_id=802"},"modified":"2024-04-29T09:24:18","modified_gmt":"2024-04-29T07:24:18","slug":"digitalis-pro-tx-podpora","status":"publish","type":"page","link":"https:\/\/landing.fomei.com\/pl\/digitalis-pro-tx-podpora\/","title":{"rendered":"Sta\u017een\u00ed firmware pro FOMEI TX"},"content":{"rendered":"<div data-elementor-type=\"wp-page\" data-elementor-id=\"802\" class=\"elementor elementor-802\" data-elementor-post-type=\"page\">\n\t\t\t\t\t\t<section class=\"elementor-section elementor-top-section elementor-element elementor-element-869b23e elementor-section-height-full elementor-section-boxed elementor-section-height-default elementor-section-items-middle\" data-id=\"869b23e\" data-element_type=\"section\" data-e-type=\"section\">\n\t\t\t\t\t\t<div class=\"elementor-container elementor-column-gap-default\">\n\t\t\t\t\t<div class=\"elementor-column elementor-col-100 elementor-top-column elementor-element elementor-element-173a7fb\" data-id=\"173a7fb\" data-element_type=\"column\" data-e-type=\"column\">\n\t\t\t<div class=\"elementor-widget-wrap elementor-element-populated\">\n\t\t\t\t\t\t<div class=\"elementor-element elementor-element-20a78a4 elementor-widget elementor-widget-heading\" data-id=\"20a78a4\" data-element_type=\"widget\" data-e-type=\"widget\" data-widget_type=\"heading.default\">\n\t\t\t\t<div class=\"elementor-widget-container\">\n\t\t\t\t\t<h1 class=\"elementor-heading-title elementor-size-default\">Sta\u017een\u00ed firmware pro blesky TX<\/h1>\t\t\t\t<\/div>\n\t\t\t\t<\/div>\n\t\t\t\t<div class=\"elementor-element elementor-element-4d7b043 elementor-widget elementor-widget-text-editor\" data-id=\"4d7b043\" data-element_type=\"widget\" data-e-type=\"widget\" data-widget_type=\"text-editor.default\">\n\t\t\t\t<div class=\"elementor-widget-container\">\n\t\t\t\t\t\t\t\t\t<p>P\u0159i pot\u00ed\u017e\u00edch s aktualizac\u00ed volejte Jana Nov\u00e1ka na \u010d\u00edsle +420 739 588 691 nebo Ond\u0159eje Vrabce na \u010d\u00edsle +420 603 587 463.<\/p>\t\t\t\t\t\t\t\t<\/div>\n\t\t\t\t<\/div>\n\t\t\t\t<div class=\"elementor-element elementor-element-a505cc3 elementor-align-center elementor-icon-list--layout-inline elementor-list-item-link-full_width elementor-widget elementor-widget-icon-list\" data-id=\"a505cc3\" data-element_type=\"widget\" data-e-type=\"widget\" data-widget_type=\"icon-list.default\">\n\t\t\t\t<div class=\"elementor-widget-container\">\n\t\t\t\t\t\t\t<ul class=\"elementor-icon-list-items elementor-inline-items\">\n\t\t\t\t\t\t\t<li class=\"elementor-icon-list-item elementor-inline-item\">\n\t\t\t\t\t\t\t\t\t\t\t<a href=\"https:\/\/landing.fomei.com\/wp-content\/uploads\/2024\/02\/i6-P30-DFU-D0411.zip\">\n\n\t\t\t\t\t\t\t\t\t\t\t\t<span class=\"elementor-icon-list-icon\">\n\t\t\t\t\t\t\t<i aria-hidden=\"true\" class=\"fas fa-file-archive\"><\/i>\t\t\t\t\t\t<\/span>\n\t\t\t\t\t\t\t\t\t\t<span class=\"elementor-icon-list-text\">TX400\/TX600 verze 3.0<\/span>\n\t\t\t\t\t\t\t\t\t\t\t<\/a>\n\t\t\t\t\t\t\t\t\t<\/li>\n\t\t\t\t\t\t\t\t<li class=\"elementor-icon-list-item elementor-inline-item\">\n\t\t\t\t\t\t\t\t\t\t\t<a href=\"https:\/\/landing.fomei.com\/wp-content\/uploads\/2024\/02\/TS5-Canon-P24-DFU-D0401.zip\">\n\n\t\t\t\t\t\t\t\t\t\t\t\t<span class=\"elementor-icon-list-icon\">\n\t\t\t\t\t\t\t<i aria-hidden=\"true\" class=\"fas fa-file-archive\"><\/i>\t\t\t\t\t\t<\/span>\n\t\t\t\t\t\t\t\t\t\t<span class=\"elementor-icon-list-text\">TS-5 Canon, verze 2.4<\/span>\n\t\t\t\t\t\t\t\t\t\t\t<\/a>\n\t\t\t\t\t\t\t\t\t<\/li>\n\t\t\t\t\t\t\t\t<li class=\"elementor-icon-list-item elementor-inline-item\">\n\t\t\t\t\t\t\t\t\t\t\t<a href=\"https:\/\/landing.fomei.com\/wp-content\/uploads\/2024\/02\/TS5-Nikon-P25-DFU-E0424.zip\">\n\n\t\t\t\t\t\t\t\t\t\t\t\t<span class=\"elementor-icon-list-icon\">\n\t\t\t\t\t\t\t<i aria-hidden=\"true\" class=\"fas fa-file-archive\"><\/i>\t\t\t\t\t\t<\/span>\n\t\t\t\t\t\t\t\t\t\t<span class=\"elementor-icon-list-text\">TS-5 Nikon, veze 2.5<\/span>\n\t\t\t\t\t\t\t\t\t\t\t<\/a>\n\t\t\t\t\t\t\t\t\t<\/li>\n\t\t\t\t\t\t\t\t<li class=\"elementor-icon-list-item elementor-inline-item\">\n\t\t\t\t\t\t\t\t\t\t\t<a href=\"https:\/\/landing.fomei.com\/wp-content\/uploads\/2024\/02\/TS-5-Sony-P23-DFU-B0728.zip\">\n\n\t\t\t\t\t\t\t\t\t\t\t\t<span class=\"elementor-icon-list-icon\">\n\t\t\t\t\t\t\t<i aria-hidden=\"true\" class=\"fas fa-file-archive\"><\/i>\t\t\t\t\t\t<\/span>\n\t\t\t\t\t\t\t\t\t\t<span class=\"elementor-icon-list-text\">TS-5 Sony, verze 2.3<\/span>\n\t\t\t\t\t\t\t\t\t\t\t<\/a>\n\t\t\t\t\t\t\t\t\t<\/li>\n\t\t\t\t\t\t\t\t<li class=\"elementor-icon-list-item elementor-inline-item\">\n\t\t\t\t\t\t\t\t\t\t\t<a href=\"https:\/\/landing.fomei.com\/wp-content\/uploads\/2024\/02\/TS5-Fuji-P21-DFU-B0225.zip\">\n\n\t\t\t\t\t\t\t\t\t\t\t\t<span class=\"elementor-icon-list-icon\">\n\t\t\t\t\t\t\t<i aria-hidden=\"true\" class=\"fas fa-file-archive\"><\/i>\t\t\t\t\t\t<\/span>\n\t\t\t\t\t\t\t\t\t\t<span class=\"elementor-icon-list-text\">TS-5 Fujfilm, verze 2.1<\/span>\n\t\t\t\t\t\t\t\t\t\t\t<\/a>\n\t\t\t\t\t\t\t\t\t<\/li>\n\t\t\t\t\t\t<\/ul>\n\t\t\t\t\t\t<\/div>\n\t\t\t\t<\/div>\n\t\t\t\t\t<\/div>\n\t\t<\/div>\n\t\t\t\t\t<\/div>\n\t\t<\/section>\n\t\t\t\t<\/div>","protected":false},"excerpt":{"rendered":"<p>Sta\u017een\u00ed firmware pro blesky TX P\u0159i pot\u00ed\u017e\u00edch s aktualizac\u00ed volejte Jana Nov\u00e1ka na \u010d\u00edsle +420 739 588 691 nebo Ond\u0159eje Vrabce na \u010d\u00edsle +420 603 587 463. TX400\/TX600 verze 3.0 TS-5 Canon, verze 2.4 TS-5 Nikon, veze 2.5 TS-5 Sony, verze 2.3 TS-5 Fujfilm, verze 2.1<\/p>","protected":false},"author":2,"featured_media":0,"parent":0,"menu_order":0,"comment_status":"closed","ping_status":"closed","template":"elementor_header_footer","meta":{"footnotes":""},"class_list":["post-802","page","type-page","status-publish","hentry"],"yoast_head":"<!-- This site is optimized with the Yoast SEO plugin v27.3 - https:\/\/yoast.com\/product\/yoast-seo-wordpress\/ -->\n<title>Sta\u017een\u00ed firmware pro FOMEI TX - FOMEI s.r.o.<\/title>\n<meta name=\"description\" content=\"Str\u00e1nka s mo\u017enost\u00ed sta\u017een\u00ed nejaktu\u00e1ln\u011bj\u0161\u00edho firmware pro blesky \u0159ady TX.\" \/>\n<meta name=\"robots\" content=\"index, follow, max-snippet:-1, max-image-preview:large, max-video-preview:-1\" \/>\n<link rel=\"canonical\" href=\"https:\/\/landing.fomei.com\/pl\/digitalis-pro-tx-podpora\/\" \/>\n<meta property=\"og:locale\" content=\"pl_PL\" \/>\n<meta property=\"og:type\" content=\"article\" \/>\n<meta property=\"og:title\" content=\"Sta\u017een\u00ed firmware pro FOMEI TX - FOMEI s.r.o.\" \/>\n<meta property=\"og:description\" content=\"Str\u00e1nka s mo\u017enost\u00ed sta\u017een\u00ed nejaktu\u00e1ln\u011bj\u0161\u00edho firmware pro blesky \u0159ady TX.\" \/>\n<meta property=\"og:url\" content=\"https:\/\/landing.fomei.com\/pl\/digitalis-pro-tx-podpora\/\" \/>\n<meta property=\"og:site_name\" content=\"FOMEI s.r.o.\" \/>\n<meta property=\"article:modified_time\" content=\"2024-04-29T07:24:18+00:00\" \/>\n<meta name=\"twitter:card\" content=\"summary_large_image\" \/>\n<meta name=\"twitter:label1\" content=\"Szacowany czas czytania\" \/>\n\t<meta name=\"twitter:data1\" content=\"1 minuta\" \/>\n<script type=\"application\/ld+json\" class=\"yoast-schema-graph\">{\"@context\":\"https:\\\/\\\/schema.org\",\"@graph\":[{\"@type\":\"WebPage\",\"@id\":\"https:\\\/\\\/landing.fomei.com\\\/digitalis-pro-tx-podpora\\\/\",\"url\":\"https:\\\/\\\/landing.fomei.com\\\/digitalis-pro-tx-podpora\\\/\",\"name\":\"Sta\u017een\u00ed firmware pro FOMEI TX - FOMEI s.r.o.\",\"isPartOf\":{\"@id\":\"https:\\\/\\\/landing.fomei.com\\\/#website\"},\"datePublished\":\"2022-07-12T06:42:34+00:00\",\"dateModified\":\"2024-04-29T07:24:18+00:00\",\"description\":\"Str\u00e1nka s mo\u017enost\u00ed sta\u017een\u00ed nejaktu\u00e1ln\u011bj\u0161\u00edho firmware pro blesky \u0159ady TX.\",\"breadcrumb\":{\"@id\":\"https:\\\/\\\/landing.fomei.com\\\/digitalis-pro-tx-podpora\\\/#breadcrumb\"},\"inLanguage\":\"pl-PL\",\"potentialAction\":[{\"@type\":\"ReadAction\",\"target\":[\"https:\\\/\\\/landing.fomei.com\\\/digitalis-pro-tx-podpora\\\/\"]}]},{\"@type\":\"BreadcrumbList\",\"@id\":\"https:\\\/\\\/landing.fomei.com\\\/digitalis-pro-tx-podpora\\\/#breadcrumb\",\"itemListElement\":[{\"@type\":\"ListItem\",\"position\":1,\"name\":\"Dom\u016f\",\"item\":\"https:\\\/\\\/landing.fomei.com\\\/\"},{\"@type\":\"ListItem\",\"position\":2,\"name\":\"Sta\u017een\u00ed firmware pro FOMEI TX\"}]},{\"@type\":\"WebSite\",\"@id\":\"https:\\\/\\\/landing.fomei.com\\\/#website\",\"url\":\"https:\\\/\\\/landing.fomei.com\\\/\",\"name\":\"FOMEI s.r.o.\",\"description\":\"P\u0159ist\u00e1vac\u00ed str\u00e1nka\",\"publisher\":{\"@id\":\"https:\\\/\\\/landing.fomei.com\\\/#organization\"},\"potentialAction\":[{\"@type\":\"SearchAction\",\"target\":{\"@type\":\"EntryPoint\",\"urlTemplate\":\"https:\\\/\\\/landing.fomei.com\\\/?s={search_term_string}\"},\"query-input\":{\"@type\":\"PropertyValueSpecification\",\"valueRequired\":true,\"valueName\":\"search_term_string\"}}],\"inLanguage\":\"pl-PL\"},{\"@type\":\"Organization\",\"@id\":\"https:\\\/\\\/landing.fomei.com\\\/#organization\",\"name\":\"FOMEI s.r.o.\",\"url\":\"https:\\\/\\\/landing.fomei.com\\\/\",\"logo\":{\"@type\":\"ImageObject\",\"inLanguage\":\"pl-PL\",\"@id\":\"https:\\\/\\\/landing.fomei.com\\\/#\\\/schema\\\/logo\\\/image\\\/\",\"url\":\"https:\\\/\\\/landing.fomei.com\\\/wp-content\\\/uploads\\\/2022\\\/06\\\/FOMEI_logo_colors.png\",\"contentUrl\":\"https:\\\/\\\/landing.fomei.com\\\/wp-content\\\/uploads\\\/2022\\\/06\\\/FOMEI_logo_colors.png\",\"width\":2048,\"height\":391,\"caption\":\"FOMEI s.r.o.\"},\"image\":{\"@id\":\"https:\\\/\\\/landing.fomei.com\\\/#\\\/schema\\\/logo\\\/image\\\/\"}}]}<\/script>\n<!-- \/ Yoast SEO plugin. -->","yoast_head_json":{"title":"Sta\u017een\u00ed firmware pro FOMEI TX - FOMEI s.r.o.","description":"Str\u00e1nka s mo\u017enost\u00ed sta\u017een\u00ed nejaktu\u00e1ln\u011bj\u0161\u00edho firmware pro blesky \u0159ady TX.","robots":{"index":"index","follow":"follow","max-snippet":"max-snippet:-1","max-image-preview":"max-image-preview:large","max-video-preview":"max-video-preview:-1"},"canonical":"https:\/\/landing.fomei.com\/pl\/digitalis-pro-tx-podpora\/","og_locale":"pl_PL","og_type":"article","og_title":"Sta\u017een\u00ed firmware pro FOMEI TX - FOMEI s.r.o.","og_description":"Str\u00e1nka s mo\u017enost\u00ed sta\u017een\u00ed nejaktu\u00e1ln\u011bj\u0161\u00edho firmware pro blesky \u0159ady TX.","og_url":"https:\/\/landing.fomei.com\/pl\/digitalis-pro-tx-podpora\/","og_site_name":"FOMEI s.r.o.","article_modified_time":"2024-04-29T07:24:18+00:00","twitter_card":"summary_large_image","twitter_misc":{"Szacowany czas czytania":"1 minuta"},"schema":{"@context":"https:\/\/schema.org","@graph":[{"@type":"WebPage","@id":"https:\/\/landing.fomei.com\/digitalis-pro-tx-podpora\/","url":"https:\/\/landing.fomei.com\/digitalis-pro-tx-podpora\/","name":"Sta\u017een\u00ed firmware pro FOMEI TX - FOMEI s.r.o.","isPartOf":{"@id":"https:\/\/landing.fomei.com\/#website"},"datePublished":"2022-07-12T06:42:34+00:00","dateModified":"2024-04-29T07:24:18+00:00","description":"Str\u00e1nka s mo\u017enost\u00ed sta\u017een\u00ed nejaktu\u00e1ln\u011bj\u0161\u00edho firmware pro blesky \u0159ady TX.","breadcrumb":{"@id":"https:\/\/landing.fomei.com\/digitalis-pro-tx-podpora\/#breadcrumb"},"inLanguage":"pl-PL","potentialAction":[{"@type":"ReadAction","target":["https:\/\/landing.fomei.com\/digitalis-pro-tx-podpora\/"]}]},{"@type":"BreadcrumbList","@id":"https:\/\/landing.fomei.com\/digitalis-pro-tx-podpora\/#breadcrumb","itemListElement":[{"@type":"ListItem","position":1,"name":"Dom\u016f","item":"https:\/\/landing.fomei.com\/"},{"@type":"ListItem","position":2,"name":"Sta\u017een\u00ed firmware pro FOMEI TX"}]},{"@type":"WebSite","@id":"https:\/\/landing.fomei.com\/#website","url":"https:\/\/landing.fomei.com\/","name":"FOMEI s.r.o.","description":"P\u0159ist\u00e1vac\u00ed str\u00e1nka","publisher":{"@id":"https:\/\/landing.fomei.com\/#organization"},"potentialAction":[{"@type":"SearchAction","target":{"@type":"EntryPoint","urlTemplate":"https:\/\/landing.fomei.com\/?s={search_term_string}"},"query-input":{"@type":"PropertyValueSpecification","valueRequired":true,"valueName":"search_term_string"}}],"inLanguage":"pl-PL"},{"@type":"Organization","@id":"https:\/\/landing.fomei.com\/#organization","name":"FOMEI s.r.o.","url":"https:\/\/landing.fomei.com\/","logo":{"@type":"ImageObject","inLanguage":"pl-PL","@id":"https:\/\/landing.fomei.com\/#\/schema\/logo\/image\/","url":"https:\/\/landing.fomei.com\/wp-content\/uploads\/2022\/06\/FOMEI_logo_colors.png","contentUrl":"https:\/\/landing.fomei.com\/wp-content\/uploads\/2022\/06\/FOMEI_logo_colors.png","width":2048,"height":391,"caption":"FOMEI s.r.o."},"image":{"@id":"https:\/\/landing.fomei.com\/#\/schema\/logo\/image\/"}}]}},"_links":{"self":[{"href":"https:\/\/landing.fomei.com\/pl\/wp-json\/wp\/v2\/pages\/802","targetHints":{"allow":["GET"]}}],"collection":[{"href":"https:\/\/landing.fomei.com\/pl\/wp-json\/wp\/v2\/pages"}],"about":[{"href":"https:\/\/landing.fomei.com\/pl\/wp-json\/wp\/v2\/types\/page"}],"author":[{"embeddable":true,"href":"https:\/\/landing.fomei.com\/pl\/wp-json\/wp\/v2\/users\/2"}],"replies":[{"embeddable":true,"href":"https:\/\/landing.fomei.com\/pl\/wp-json\/wp\/v2\/comments?post=802"}],"version-history":[{"count":0,"href":"https:\/\/landing.fomei.com\/pl\/wp-json\/wp\/v2\/pages\/802\/revisions"}],"wp:attachment":[{"href":"https:\/\/landing.fomei.com\/pl\/wp-json\/wp\/v2\/media?parent=802"}],"curies":[{"name":"wp","href":"https:\/\/api.w.org\/{rel}","templated":true}]}}