{"id":929,"date":"2022-07-21T15:46:29","date_gmt":"2022-07-21T13:46:29","guid":{"rendered":"https:\/\/landing.fomei.com\/?page_id=929"},"modified":"2022-08-11T09:56:21","modified_gmt":"2022-08-11T07:56:21","slug":"live","status":"publish","type":"page","link":"https:\/\/landing.fomei.com\/pl\/live\/","title":{"rendered":"Live"},"content":{"rendered":"<div data-elementor-type=\"wp-page\" data-elementor-id=\"929\" class=\"elementor elementor-929\" data-elementor-post-type=\"page\">\n\t\t\t\t\t\t<section class=\"elementor-section elementor-top-section elementor-element elementor-element-38f2bf9 elementor-section-boxed elementor-section-height-default elementor-section-height-default\" data-id=\"38f2bf9\" data-element_type=\"section\" data-e-type=\"section\">\n\t\t\t\t\t\t<div class=\"elementor-container elementor-column-gap-default\">\n\t\t\t\t\t<div class=\"elementor-column elementor-col-100 elementor-top-column elementor-element elementor-element-998eb0d\" data-id=\"998eb0d\" data-element_type=\"column\" data-e-type=\"column\">\n\t\t\t<div class=\"elementor-widget-wrap elementor-element-populated\">\n\t\t\t\t\t\t<div class=\"elementor-element elementor-element-a0b993b elementor-widget elementor-widget-heading\" data-id=\"a0b993b\" data-element_type=\"widget\" data-e-type=\"widget\" data-widget_type=\"heading.default\">\n\t\t\t\t<div class=\"elementor-widget-container\">\n\t\t\t\t\t<h1 class=\"elementor-heading-title elementor-size-default\">FOMEI LIVE<\/h1>\t\t\t\t<\/div>\n\t\t\t\t<\/div>\n\t\t\t\t<div class=\"elementor-element elementor-element-c5ac4a4 elementor-widget elementor-widget-text-editor\" data-id=\"c5ac4a4\" data-element_type=\"widget\" data-e-type=\"widget\" data-widget_type=\"text-editor.default\">\n\t\t\t\t<div class=\"elementor-widget-container\">\n\t\t\t\t\t\t\t\t\t<p style=\"text-align: center;\">Archiv v\u0161ech \u017eiv\u00fdch vys\u00edl\u00e1n\u00ed najdete na na\u0161em YouTube kan\u00e1le.<\/p>\t\t\t\t\t\t\t\t<\/div>\n\t\t\t\t<\/div>\n\t\t\t\t<div class=\"elementor-element elementor-element-8276af9 elementor-align-center elementor-invisible elementor-widget elementor-widget-button\" data-id=\"8276af9\" data-element_type=\"widget\" data-e-type=\"widget\" data-settings=\"{&quot;_animation&quot;:&quot;fadeIn&quot;,&quot;_animation_delay&quot;:400}\" data-widget_type=\"button.default\">\n\t\t\t\t<div class=\"elementor-widget-container\">\n\t\t\t\t\t\t\t\t\t<div class=\"elementor-button-wrapper\">\n\t\t\t\t\t<a class=\"elementor-button elementor-button-link elementor-size-sm elementor-animation-pulse\" href=\"https:\/\/youtube.com\/playlist?list=PL7VZvoNR06a-dxWuXsjBFmmhBHVgOmyhE\">\n\t\t\t\t\t\t<span class=\"elementor-button-content-wrapper\">\n\t\t\t\t\t\t\t\t\t<span class=\"elementor-button-text\">YouTube kan\u00e1l fomei<\/span>\n\t\t\t\t\t<\/span>\n\t\t\t\t\t<\/a>\n\t\t\t\t<\/div>\n\t\t\t\t\t\t\t\t<\/div>\n\t\t\t\t<\/div>\n\t\t\t\t\t<\/div>\n\t\t<\/div>\n\t\t\t\t\t<\/div>\n\t\t<\/section>\n\t\t\t\t<\/div>","protected":false},"excerpt":{"rendered":"<p>FOMEI LIVE Archiv v\u0161ech \u017eiv\u00fdch vys\u00edl\u00e1n\u00ed najdete na na\u0161em YouTube kan\u00e1le. YouTube kan\u00e1l fomei<\/p>","protected":false},"author":2,"featured_media":0,"parent":0,"menu_order":0,"comment_status":"closed","ping_status":"closed","template":"elementor_header_footer","meta":{"footnotes":""},"class_list":["post-929","page","type-page","status-publish","hentry"],"yoast_head":"<!-- This site is optimized with the Yoast SEO plugin v27.3 - https:\/\/yoast.com\/product\/yoast-seo-wordpress\/ -->\n<title>Live - FOMEI s.r.o.<\/title>\n<meta name=\"robots\" content=\"index, follow, max-snippet:-1, max-image-preview:large, max-video-preview:-1\" \/>\n<link rel=\"canonical\" href=\"https:\/\/landing.fomei.com\/pl\/live\/\" \/>\n<meta property=\"og:locale\" content=\"pl_PL\" \/>\n<meta property=\"og:type\" content=\"article\" \/>\n<meta property=\"og:title\" content=\"Live - FOMEI s.r.o.\" \/>\n<meta property=\"og:description\" content=\"FOMEI LIVE Archiv v\u0161ech \u017eiv\u00fdch vys\u00edl\u00e1n\u00ed najdete na na\u0161em YouTube kan\u00e1le. YouTube kan\u00e1l fomei\" \/>\n<meta property=\"og:url\" content=\"https:\/\/landing.fomei.com\/pl\/live\/\" \/>\n<meta property=\"og:site_name\" content=\"FOMEI s.r.o.\" \/>\n<meta property=\"article:modified_time\" content=\"2022-08-11T07:56:21+00:00\" \/>\n<meta name=\"twitter:card\" content=\"summary_large_image\" \/>\n<meta name=\"twitter:label1\" content=\"Szacowany czas czytania\" \/>\n\t<meta name=\"twitter:data1\" content=\"1 minuta\" \/>\n<script type=\"application\/ld+json\" class=\"yoast-schema-graph\">{\"@context\":\"https:\\\/\\\/schema.org\",\"@graph\":[{\"@type\":\"WebPage\",\"@id\":\"https:\\\/\\\/landing.fomei.com\\\/live\\\/\",\"url\":\"https:\\\/\\\/landing.fomei.com\\\/live\\\/\",\"name\":\"Live - FOMEI s.r.o.\",\"isPartOf\":{\"@id\":\"https:\\\/\\\/landing.fomei.com\\\/#website\"},\"datePublished\":\"2022-07-21T13:46:29+00:00\",\"dateModified\":\"2022-08-11T07:56:21+00:00\",\"breadcrumb\":{\"@id\":\"https:\\\/\\\/landing.fomei.com\\\/live\\\/#breadcrumb\"},\"inLanguage\":\"pl-PL\",\"potentialAction\":[{\"@type\":\"ReadAction\",\"target\":[\"https:\\\/\\\/landing.fomei.com\\\/live\\\/\"]}]},{\"@type\":\"BreadcrumbList\",\"@id\":\"https:\\\/\\\/landing.fomei.com\\\/live\\\/#breadcrumb\",\"itemListElement\":[{\"@type\":\"ListItem\",\"position\":1,\"name\":\"Dom\u016f\",\"item\":\"https:\\\/\\\/landing.fomei.com\\\/\"},{\"@type\":\"ListItem\",\"position\":2,\"name\":\"Live\"}]},{\"@type\":\"WebSite\",\"@id\":\"https:\\\/\\\/landing.fomei.com\\\/#website\",\"url\":\"https:\\\/\\\/landing.fomei.com\\\/\",\"name\":\"FOMEI s.r.o.\",\"description\":\"P\u0159ist\u00e1vac\u00ed str\u00e1nka\",\"publisher\":{\"@id\":\"https:\\\/\\\/landing.fomei.com\\\/#organization\"},\"potentialAction\":[{\"@type\":\"SearchAction\",\"target\":{\"@type\":\"EntryPoint\",\"urlTemplate\":\"https:\\\/\\\/landing.fomei.com\\\/?s={search_term_string}\"},\"query-input\":{\"@type\":\"PropertyValueSpecification\",\"valueRequired\":true,\"valueName\":\"search_term_string\"}}],\"inLanguage\":\"pl-PL\"},{\"@type\":\"Organization\",\"@id\":\"https:\\\/\\\/landing.fomei.com\\\/#organization\",\"name\":\"FOMEI s.r.o.\",\"url\":\"https:\\\/\\\/landing.fomei.com\\\/\",\"logo\":{\"@type\":\"ImageObject\",\"inLanguage\":\"pl-PL\",\"@id\":\"https:\\\/\\\/landing.fomei.com\\\/#\\\/schema\\\/logo\\\/image\\\/\",\"url\":\"https:\\\/\\\/landing.fomei.com\\\/wp-content\\\/uploads\\\/2022\\\/06\\\/FOMEI_logo_colors.png\",\"contentUrl\":\"https:\\\/\\\/landing.fomei.com\\\/wp-content\\\/uploads\\\/2022\\\/06\\\/FOMEI_logo_colors.png\",\"width\":2048,\"height\":391,\"caption\":\"FOMEI s.r.o.\"},\"image\":{\"@id\":\"https:\\\/\\\/landing.fomei.com\\\/#\\\/schema\\\/logo\\\/image\\\/\"}}]}<\/script>\n<!-- \/ Yoast SEO plugin. -->","yoast_head_json":{"title":"Live - FOMEI s.r.o.","robots":{"index":"index","follow":"follow","max-snippet":"max-snippet:-1","max-image-preview":"max-image-preview:large","max-video-preview":"max-video-preview:-1"},"canonical":"https:\/\/landing.fomei.com\/pl\/live\/","og_locale":"pl_PL","og_type":"article","og_title":"Live - FOMEI s.r.o.","og_description":"FOMEI LIVE Archiv v\u0161ech \u017eiv\u00fdch vys\u00edl\u00e1n\u00ed najdete na na\u0161em YouTube kan\u00e1le. YouTube kan\u00e1l fomei","og_url":"https:\/\/landing.fomei.com\/pl\/live\/","og_site_name":"FOMEI s.r.o.","article_modified_time":"2022-08-11T07:56:21+00:00","twitter_card":"summary_large_image","twitter_misc":{"Szacowany czas czytania":"1 minuta"},"schema":{"@context":"https:\/\/schema.org","@graph":[{"@type":"WebPage","@id":"https:\/\/landing.fomei.com\/live\/","url":"https:\/\/landing.fomei.com\/live\/","name":"Live - FOMEI s.r.o.","isPartOf":{"@id":"https:\/\/landing.fomei.com\/#website"},"datePublished":"2022-07-21T13:46:29+00:00","dateModified":"2022-08-11T07:56:21+00:00","breadcrumb":{"@id":"https:\/\/landing.fomei.com\/live\/#breadcrumb"},"inLanguage":"pl-PL","potentialAction":[{"@type":"ReadAction","target":["https:\/\/landing.fomei.com\/live\/"]}]},{"@type":"BreadcrumbList","@id":"https:\/\/landing.fomei.com\/live\/#breadcrumb","itemListElement":[{"@type":"ListItem","position":1,"name":"Dom\u016f","item":"https:\/\/landing.fomei.com\/"},{"@type":"ListItem","position":2,"name":"Live"}]},{"@type":"WebSite","@id":"https:\/\/landing.fomei.com\/#website","url":"https:\/\/landing.fomei.com\/","name":"FOMEI s.r.o.","description":"P\u0159ist\u00e1vac\u00ed str\u00e1nka","publisher":{"@id":"https:\/\/landing.fomei.com\/#organization"},"potentialAction":[{"@type":"SearchAction","target":{"@type":"EntryPoint","urlTemplate":"https:\/\/landing.fomei.com\/?s={search_term_string}"},"query-input":{"@type":"PropertyValueSpecification","valueRequired":true,"valueName":"search_term_string"}}],"inLanguage":"pl-PL"},{"@type":"Organization","@id":"https:\/\/landing.fomei.com\/#organization","name":"FOMEI s.r.o.","url":"https:\/\/landing.fomei.com\/","logo":{"@type":"ImageObject","inLanguage":"pl-PL","@id":"https:\/\/landing.fomei.com\/#\/schema\/logo\/image\/","url":"https:\/\/landing.fomei.com\/wp-content\/uploads\/2022\/06\/FOMEI_logo_colors.png","contentUrl":"https:\/\/landing.fomei.com\/wp-content\/uploads\/2022\/06\/FOMEI_logo_colors.png","width":2048,"height":391,"caption":"FOMEI s.r.o."},"image":{"@id":"https:\/\/landing.fomei.com\/#\/schema\/logo\/image\/"}}]}},"_links":{"self":[{"href":"https:\/\/landing.fomei.com\/pl\/wp-json\/wp\/v2\/pages\/929","targetHints":{"allow":["GET"]}}],"collection":[{"href":"https:\/\/landing.fomei.com\/pl\/wp-json\/wp\/v2\/pages"}],"about":[{"href":"https:\/\/landing.fomei.com\/pl\/wp-json\/wp\/v2\/types\/page"}],"author":[{"embeddable":true,"href":"https:\/\/landing.fomei.com\/pl\/wp-json\/wp\/v2\/users\/2"}],"replies":[{"embeddable":true,"href":"https:\/\/landing.fomei.com\/pl\/wp-json\/wp\/v2\/comments?post=929"}],"version-history":[{"count":0,"href":"https:\/\/landing.fomei.com\/pl\/wp-json\/wp\/v2\/pages\/929\/revisions"}],"wp:attachment":[{"href":"https:\/\/landing.fomei.com\/pl\/wp-json\/wp\/v2\/media?parent=929"}],"curies":[{"name":"wp","href":"https:\/\/api.w.org\/{rel}","templated":true}]}}