{"id":96,"date":"2022-06-24T13:21:33","date_gmt":"2022-06-24T11:21:33","guid":{"rendered":"http:\/\/www.fomei.com.uvirt71.active24.cz\/landing\/?page_id=96"},"modified":"2022-07-11T15:39:25","modified_gmt":"2022-07-11T13:39:25","slug":"pristavaci-stranka","status":"publish","type":"page","link":"https:\/\/landing.fomei.com\/pl\/","title":{"rendered":"P\u0159ist\u00e1vac\u00ed str\u00e1nka"},"content":{"rendered":"\t\t<div data-elementor-type=\"wp-page\" data-elementor-id=\"96\" class=\"elementor elementor-96\" data-elementor-post-type=\"page\">\n\t\t\t\t\t\t<section class=\"elementor-section elementor-top-section elementor-element elementor-element-596d1cfe elementor-section-content-middle elementor-section-full_width elementor-section-height-default elementor-section-height-default\" data-id=\"596d1cfe\" data-element_type=\"section\" data-e-type=\"section\">\n\t\t\t\t\t\t<div class=\"elementor-container elementor-column-gap-no\">\n\t\t\t\t\t<div class=\"elementor-column elementor-col-50 elementor-top-column elementor-element elementor-element-71840f6f\" data-id=\"71840f6f\" data-element_type=\"column\" data-e-type=\"column\">\n\t\t\t<div class=\"elementor-widget-wrap elementor-element-populated\">\n\t\t\t\t\t\t<div class=\"elementor-element elementor-element-3e0ab973 elementor-widget__width-initial elementor-hidden-mobile elementor-widget elementor-widget-image\" data-id=\"3e0ab973\" data-element_type=\"widget\" data-e-type=\"widget\" data-widget_type=\"image.default\">\n\t\t\t\t<div class=\"elementor-widget-container\">\n\t\t\t\t\t\t\t\t\t\t\t\t\t\t\t\t<a href=\"https:\/\/landing.fomei.com\/pl\">\n\t\t\t\t\t\t\t<img decoding=\"async\" width=\"300\" height=\"57\" src=\"https:\/\/landing.fomei.com\/wp-content\/uploads\/2022\/06\/FOMEI_logo_WHITE-300x57.png\" class=\"attachment-medium size-medium wp-image-104\" alt=\"\" srcset=\"https:\/\/landing.fomei.com\/wp-content\/uploads\/2022\/06\/FOMEI_logo_WHITE-300x57.png 300w, https:\/\/landing.fomei.com\/wp-content\/uploads\/2022\/06\/FOMEI_logo_WHITE-600x115.png 600w, https:\/\/landing.fomei.com\/wp-content\/uploads\/2022\/06\/FOMEI_logo_WHITE-1024x196.png 1024w, https:\/\/landing.fomei.com\/wp-content\/uploads\/2022\/06\/FOMEI_logo_WHITE-768x147.png 768w, https:\/\/landing.fomei.com\/wp-content\/uploads\/2022\/06\/FOMEI_logo_WHITE-1536x293.png 1536w, https:\/\/landing.fomei.com\/wp-content\/uploads\/2022\/06\/FOMEI_logo_WHITE.png 2048w\" sizes=\"(max-width: 300px) 100vw, 300px\" \/>\t\t\t\t\t\t\t\t<\/a>\n\t\t\t\t\t\t\t\t\t\t\t\t\t\t\t<\/div>\n\t\t\t\t<\/div>\n\t\t\t\t\t<\/div>\n\t\t<\/div>\n\t\t\t\t<div class=\"elementor-column elementor-col-50 elementor-top-column elementor-element elementor-element-e040b1a\" data-id=\"e040b1a\" data-element_type=\"column\" data-e-type=\"column\">\n\t\t\t<div class=\"elementor-widget-wrap elementor-element-populated\">\n\t\t\t\t\t\t<div class=\"elementor-element elementor-element-90f603b elementor-align-right elementor-mobile-align-center elementor-hidden-mobile elementor-widget elementor-widget-button\" data-id=\"90f603b\" data-element_type=\"widget\" data-e-type=\"widget\" data-widget_type=\"button.default\">\n\t\t\t\t<div class=\"elementor-widget-container\">\n\t\t\t\t\t\t\t\t\t<div class=\"elementor-button-wrapper\">\n\t\t\t\t\t<a class=\"elementor-button elementor-button-link elementor-size-sm\" href=\"https:\/\/www.fomei.com\">\n\t\t\t\t\t\t<span class=\"elementor-button-content-wrapper\">\n\t\t\t\t\t\t<span class=\"elementor-button-icon\">\n\t\t\t\t<i aria-hidden=\"true\" class=\"fas fa-arrow-right\"><\/i>\t\t\t<\/span>\n\t\t\t\t\t\t\t\t\t<span class=\"elementor-button-text\">E-shop<\/span>\n\t\t\t\t\t<\/span>\n\t\t\t\t\t<\/a>\n\t\t\t\t<\/div>\n\t\t\t\t\t\t\t\t<\/div>\n\t\t\t\t<\/div>\n\t\t\t\t\t<\/div>\n\t\t<\/div>\n\t\t\t\t\t<\/div>\n\t\t<\/section>\n\t\t\t\t<section class=\"elementor-section elementor-top-section elementor-element elementor-element-663e8a5 elementor-section-full_width elementor-section-height-min-height elementor-section-content-middle elementor-section-height-default elementor-section-items-middle\" data-id=\"663e8a5\" data-element_type=\"section\" data-e-type=\"section\" data-settings=\"{&quot;background_background&quot;:&quot;slideshow&quot;,&quot;background_slideshow_gallery&quot;:[{&quot;id&quot;:98,&quot;url&quot;:&quot;https:\\\/\\\/landing.fomei.com\\\/wp-content\\\/uploads\\\/2022\\\/06\\\/Fomei-Myslivci-3157-hires.jpg&quot;},{&quot;id&quot;:191,&quot;url&quot;:&quot;https:\\\/\\\/landing.fomei.com\\\/wp-content\\\/uploads\\\/2022\\\/07\\\/Image3.jpg&quot;},{&quot;id&quot;:193,&quot;url&quot;:&quot;https:\\\/\\\/landing.fomei.com\\\/wp-content\\\/uploads\\\/2022\\\/07\\\/rgb_panel-kopie-scaled.jpg&quot;}],&quot;background_slideshow_loop&quot;:&quot;yes&quot;,&quot;background_slideshow_slide_duration&quot;:5000,&quot;background_slideshow_slide_transition&quot;:&quot;fade&quot;,&quot;background_slideshow_transition_duration&quot;:500}\">\n\t\t\t\t\t\t\t<div class=\"elementor-background-overlay\"><\/div>\n\t\t\t\t\t\t\t<div class=\"elementor-container elementor-column-gap-default\">\n\t\t\t\t\t<div class=\"elementor-column elementor-col-100 elementor-top-column elementor-element elementor-element-cdc9b41\" data-id=\"cdc9b41\" data-element_type=\"column\" data-e-type=\"column\">\n\t\t\t<div class=\"elementor-widget-wrap elementor-element-populated\">\n\t\t\t\t\t\t<section class=\"elementor-section elementor-inner-section elementor-element elementor-element-e710694 elementor-section-full_width elementor-section-height-default elementor-section-height-default\" data-id=\"e710694\" data-element_type=\"section\" data-e-type=\"section\">\n\t\t\t\t\t\t<div class=\"elementor-container elementor-column-gap-default\">\n\t\t\t\t\t<div class=\"elementor-column elementor-col-100 elementor-inner-column elementor-element elementor-element-9449002\" data-id=\"9449002\" data-element_type=\"column\" data-e-type=\"column\">\n\t\t\t<div class=\"elementor-widget-wrap elementor-element-populated\">\n\t\t\t\t\t\t<div class=\"elementor-element elementor-element-8d5fcca elementor-widget__width-initial elementor-hidden-desktop elementor-hidden-tablet elementor-widget elementor-widget-image\" data-id=\"8d5fcca\" data-element_type=\"widget\" data-e-type=\"widget\" data-widget_type=\"image.default\">\n\t\t\t\t<div class=\"elementor-widget-container\">\n\t\t\t\t\t\t\t\t\t\t\t\t\t\t\t\t<a href=\"https:\/\/landing.fomei.com\/pl\">\n\t\t\t\t\t\t\t<img decoding=\"async\" width=\"300\" height=\"57\" src=\"https:\/\/landing.fomei.com\/wp-content\/uploads\/2022\/06\/FOMEI_logo_WHITE-300x57.png\" class=\"attachment-medium size-medium wp-image-104\" alt=\"\" srcset=\"https:\/\/landing.fomei.com\/wp-content\/uploads\/2022\/06\/FOMEI_logo_WHITE-300x57.png 300w, https:\/\/landing.fomei.com\/wp-content\/uploads\/2022\/06\/FOMEI_logo_WHITE-600x115.png 600w, https:\/\/landing.fomei.com\/wp-content\/uploads\/2022\/06\/FOMEI_logo_WHITE-1024x196.png 1024w, https:\/\/landing.fomei.com\/wp-content\/uploads\/2022\/06\/FOMEI_logo_WHITE-768x147.png 768w, https:\/\/landing.fomei.com\/wp-content\/uploads\/2022\/06\/FOMEI_logo_WHITE-1536x293.png 1536w, https:\/\/landing.fomei.com\/wp-content\/uploads\/2022\/06\/FOMEI_logo_WHITE.png 2048w\" sizes=\"(max-width: 300px) 100vw, 300px\" \/>\t\t\t\t\t\t\t\t<\/a>\n\t\t\t\t\t\t\t\t\t\t\t\t\t\t\t<\/div>\n\t\t\t\t<\/div>\n\t\t\t\t<div class=\"elementor-element elementor-element-a612fd9 elementor-nav-menu__align-center elementor-nav-menu--dropdown-none elementor-widget elementor-widget-nav-menu\" data-id=\"a612fd9\" data-element_type=\"widget\" data-e-type=\"widget\" data-settings=\"{&quot;layout&quot;:&quot;horizontal&quot;,&quot;submenu_icon&quot;:{&quot;value&quot;:&quot;&lt;i class=\\&quot;fas fa-caret-down\\&quot; aria-hidden=\\&quot;true\\&quot;&gt;&lt;\\\/i&gt;&quot;,&quot;library&quot;:&quot;fa-solid&quot;}}\" data-widget_type=\"nav-menu.default\">\n\t\t\t\t<div class=\"elementor-widget-container\">\n\t\t\t\t\t\t\t\t<nav aria-label=\"Menu\" class=\"elementor-nav-menu--main elementor-nav-menu__container elementor-nav-menu--layout-horizontal e--pointer-underline e--animation-fade\">\n\t\t\t\t<ul id=\"menu-1-a612fd9\" class=\"elementor-nav-menu\"><li class=\"menu-item menu-item-type-custom menu-item-object-custom menu-item-116\"><a href=\"https:\/\/www.fomei.com\/produkty-atelierove-vybaveni-35087\" class=\"elementor-item\">Ateli\u00e9rov\u00e9 vybaven\u00ed<\/a><\/li>\n<li class=\"menu-item menu-item-type-custom menu-item-object-custom menu-item-114\"><a href=\"https:\/\/www.fomei.com\/produkty-kvalitni-pozorovaci-dalekohledy-a-puskohledy-od-ceskeho-vyrobce-35013\" class=\"elementor-item\">Dalekohledy &#038; Pu\u0161kohledy<\/a><\/li>\n<li class=\"menu-item menu-item-type-custom menu-item-object-custom menu-item-115\"><a href=\"https:\/\/www.fomei.com\/produkty-tiskarny-minilaby-a-fotopapiry-35019\" class=\"elementor-item\">Tisk\u00e1rny &#038; Fotopap\u00edry<\/a><\/li>\n<\/ul>\t\t\t<\/nav>\n\t\t\t\t\t\t<nav class=\"elementor-nav-menu--dropdown elementor-nav-menu__container\" aria-hidden=\"true\">\n\t\t\t\t<ul id=\"menu-2-a612fd9\" class=\"elementor-nav-menu\"><li class=\"menu-item menu-item-type-custom menu-item-object-custom menu-item-116\"><a href=\"https:\/\/www.fomei.com\/produkty-atelierove-vybaveni-35087\" class=\"elementor-item\" tabindex=\"-1\">Ateli\u00e9rov\u00e9 vybaven\u00ed<\/a><\/li>\n<li class=\"menu-item menu-item-type-custom menu-item-object-custom menu-item-114\"><a href=\"https:\/\/www.fomei.com\/produkty-kvalitni-pozorovaci-dalekohledy-a-puskohledy-od-ceskeho-vyrobce-35013\" class=\"elementor-item\" tabindex=\"-1\">Dalekohledy &#038; Pu\u0161kohledy<\/a><\/li>\n<li class=\"menu-item menu-item-type-custom menu-item-object-custom menu-item-115\"><a href=\"https:\/\/www.fomei.com\/produkty-tiskarny-minilaby-a-fotopapiry-35019\" class=\"elementor-item\" tabindex=\"-1\">Tisk\u00e1rny &#038; Fotopap\u00edry<\/a><\/li>\n<\/ul>\t\t\t<\/nav>\n\t\t\t\t\t\t<\/div>\n\t\t\t\t<\/div>\n\t\t\t\t<div class=\"elementor-element elementor-element-ced2add elementor-align-right elementor-mobile-align-center elementor-hidden-desktop elementor-hidden-tablet elementor-widget elementor-widget-button\" data-id=\"ced2add\" data-element_type=\"widget\" data-e-type=\"widget\" data-widget_type=\"button.default\">\n\t\t\t\t<div class=\"elementor-widget-container\">\n\t\t\t\t\t\t\t\t\t<div class=\"elementor-button-wrapper\">\n\t\t\t\t\t<a class=\"elementor-button elementor-button-link elementor-size-sm\" href=\"https:\/\/www.fomei.com\">\n\t\t\t\t\t\t<span class=\"elementor-button-content-wrapper\">\n\t\t\t\t\t\t<span class=\"elementor-button-icon\">\n\t\t\t\t<i aria-hidden=\"true\" class=\"fas fa-arrow-right\"><\/i>\t\t\t<\/span>\n\t\t\t\t\t\t\t\t\t<span class=\"elementor-button-text\">E-shop<\/span>\n\t\t\t\t\t<\/span>\n\t\t\t\t\t<\/a>\n\t\t\t\t<\/div>\n\t\t\t\t\t\t\t\t<\/div>\n\t\t\t\t<\/div>\n\t\t\t\t\t<\/div>\n\t\t<\/div>\n\t\t\t\t\t<\/div>\n\t\t<\/section>\n\t\t\t\t\t<\/div>\n\t\t<\/div>\n\t\t\t\t\t<\/div>\n\t\t<\/section>\n\t\t\t\t<\/div>\n\t\t","protected":false},"excerpt":{"rendered":"<p>E-shop E-shop<\/p>","protected":false},"author":1,"featured_media":0,"parent":0,"menu_order":0,"comment_status":"closed","ping_status":"closed","template":"elementor_canvas","meta":{"footnotes":""},"class_list":["post-96","page","type-page","status-publish","hentry"],"yoast_head":"<!-- This site is optimized with the Yoast SEO plugin v27.3 - https:\/\/yoast.com\/product\/yoast-seo-wordpress\/ -->\n<title>P\u0159ist\u00e1vac\u00ed str\u00e1nka - FOMEI s.r.o.<\/title>\n<meta name=\"robots\" content=\"index, follow, max-snippet:-1, max-image-preview:large, max-video-preview:-1\" \/>\n<link rel=\"canonical\" href=\"https:\/\/landing.fomei.com\/pl\/\" \/>\n<meta property=\"og:locale\" content=\"pl_PL\" \/>\n<meta property=\"og:type\" content=\"article\" \/>\n<meta property=\"og:title\" content=\"P\u0159ist\u00e1vac\u00ed str\u00e1nka - FOMEI s.r.o.\" \/>\n<meta property=\"og:description\" content=\"E-shop E-shop\" \/>\n<meta property=\"og:url\" content=\"https:\/\/landing.fomei.com\/pl\/\" \/>\n<meta property=\"og:site_name\" content=\"FOMEI s.r.o.\" \/>\n<meta property=\"article:modified_time\" content=\"2022-07-11T13:39:25+00:00\" \/>\n<meta property=\"og:image\" content=\"https:\/\/landing.fomei.com\/wp-content\/uploads\/2022\/06\/FOMEI_logo_WHITE-300x57.png\" \/>\n<meta name=\"twitter:card\" content=\"summary_large_image\" \/>\n<meta name=\"twitter:label1\" content=\"Szacowany czas czytania\" \/>\n\t<meta name=\"twitter:data1\" content=\"1 minuta\" \/>\n<script type=\"application\/ld+json\" class=\"yoast-schema-graph\">{\"@context\":\"https:\\\/\\\/schema.org\",\"@graph\":[{\"@type\":\"WebPage\",\"@id\":\"https:\\\/\\\/landing.fomei.com\\\/\",\"url\":\"https:\\\/\\\/landing.fomei.com\\\/\",\"name\":\"P\u0159ist\u00e1vac\u00ed str\u00e1nka - FOMEI s.r.o.\",\"isPartOf\":{\"@id\":\"https:\\\/\\\/landing.fomei.com\\\/#website\"},\"primaryImageOfPage\":{\"@id\":\"https:\\\/\\\/landing.fomei.com\\\/#primaryimage\"},\"image\":{\"@id\":\"https:\\\/\\\/landing.fomei.com\\\/#primaryimage\"},\"thumbnailUrl\":\"https:\\\/\\\/landing.fomei.com\\\/wp-content\\\/uploads\\\/2022\\\/06\\\/FOMEI_logo_WHITE-300x57.png\",\"datePublished\":\"2022-06-24T11:21:33+00:00\",\"dateModified\":\"2022-07-11T13:39:25+00:00\",\"breadcrumb\":{\"@id\":\"https:\\\/\\\/landing.fomei.com\\\/#breadcrumb\"},\"inLanguage\":\"pl-PL\",\"potentialAction\":[{\"@type\":\"ReadAction\",\"target\":[\"https:\\\/\\\/landing.fomei.com\\\/\"]}]},{\"@type\":\"ImageObject\",\"inLanguage\":\"pl-PL\",\"@id\":\"https:\\\/\\\/landing.fomei.com\\\/#primaryimage\",\"url\":\"https:\\\/\\\/landing.fomei.com\\\/wp-content\\\/uploads\\\/2022\\\/06\\\/FOMEI_logo_WHITE-300x57.png\",\"contentUrl\":\"https:\\\/\\\/landing.fomei.com\\\/wp-content\\\/uploads\\\/2022\\\/06\\\/FOMEI_logo_WHITE-300x57.png\"},{\"@type\":\"BreadcrumbList\",\"@id\":\"https:\\\/\\\/landing.fomei.com\\\/#breadcrumb\",\"itemListElement\":[{\"@type\":\"ListItem\",\"position\":1,\"name\":\"Dom\u016f\",\"item\":\"https:\\\/\\\/landing.fomei.com\\\/\"},{\"@type\":\"ListItem\",\"position\":2,\"name\":\"P\u0159ist\u00e1vac\u00ed str\u00e1nka\"}]},{\"@type\":\"WebSite\",\"@id\":\"https:\\\/\\\/landing.fomei.com\\\/#website\",\"url\":\"https:\\\/\\\/landing.fomei.com\\\/\",\"name\":\"FOMEI s.r.o.\",\"description\":\"P\u0159ist\u00e1vac\u00ed str\u00e1nka\",\"publisher\":{\"@id\":\"https:\\\/\\\/landing.fomei.com\\\/#organization\"},\"potentialAction\":[{\"@type\":\"SearchAction\",\"target\":{\"@type\":\"EntryPoint\",\"urlTemplate\":\"https:\\\/\\\/landing.fomei.com\\\/?s={search_term_string}\"},\"query-input\":{\"@type\":\"PropertyValueSpecification\",\"valueRequired\":true,\"valueName\":\"search_term_string\"}}],\"inLanguage\":\"pl-PL\"},{\"@type\":\"Organization\",\"@id\":\"https:\\\/\\\/landing.fomei.com\\\/#organization\",\"name\":\"FOMEI s.r.o.\",\"url\":\"https:\\\/\\\/landing.fomei.com\\\/\",\"logo\":{\"@type\":\"ImageObject\",\"inLanguage\":\"pl-PL\",\"@id\":\"https:\\\/\\\/landing.fomei.com\\\/#\\\/schema\\\/logo\\\/image\\\/\",\"url\":\"https:\\\/\\\/landing.fomei.com\\\/wp-content\\\/uploads\\\/2022\\\/06\\\/FOMEI_logo_colors.png\",\"contentUrl\":\"https:\\\/\\\/landing.fomei.com\\\/wp-content\\\/uploads\\\/2022\\\/06\\\/FOMEI_logo_colors.png\",\"width\":2048,\"height\":391,\"caption\":\"FOMEI s.r.o.\"},\"image\":{\"@id\":\"https:\\\/\\\/landing.fomei.com\\\/#\\\/schema\\\/logo\\\/image\\\/\"}}]}<\/script>\n<!-- \/ Yoast SEO plugin. -->","yoast_head_json":{"title":"P\u0159ist\u00e1vac\u00ed str\u00e1nka - FOMEI s.r.o.","robots":{"index":"index","follow":"follow","max-snippet":"max-snippet:-1","max-image-preview":"max-image-preview:large","max-video-preview":"max-video-preview:-1"},"canonical":"https:\/\/landing.fomei.com\/pl\/","og_locale":"pl_PL","og_type":"article","og_title":"P\u0159ist\u00e1vac\u00ed str\u00e1nka - FOMEI s.r.o.","og_description":"E-shop E-shop","og_url":"https:\/\/landing.fomei.com\/pl\/","og_site_name":"FOMEI s.r.o.","article_modified_time":"2022-07-11T13:39:25+00:00","og_image":[{"url":"https:\/\/landing.fomei.com\/wp-content\/uploads\/2022\/06\/FOMEI_logo_WHITE-300x57.png","type":"","width":"","height":""}],"twitter_card":"summary_large_image","twitter_misc":{"Szacowany czas czytania":"1 minuta"},"schema":{"@context":"https:\/\/schema.org","@graph":[{"@type":"WebPage","@id":"https:\/\/landing.fomei.com\/","url":"https:\/\/landing.fomei.com\/","name":"P\u0159ist\u00e1vac\u00ed str\u00e1nka - FOMEI s.r.o.","isPartOf":{"@id":"https:\/\/landing.fomei.com\/#website"},"primaryImageOfPage":{"@id":"https:\/\/landing.fomei.com\/#primaryimage"},"image":{"@id":"https:\/\/landing.fomei.com\/#primaryimage"},"thumbnailUrl":"https:\/\/landing.fomei.com\/wp-content\/uploads\/2022\/06\/FOMEI_logo_WHITE-300x57.png","datePublished":"2022-06-24T11:21:33+00:00","dateModified":"2022-07-11T13:39:25+00:00","breadcrumb":{"@id":"https:\/\/landing.fomei.com\/#breadcrumb"},"inLanguage":"pl-PL","potentialAction":[{"@type":"ReadAction","target":["https:\/\/landing.fomei.com\/"]}]},{"@type":"ImageObject","inLanguage":"pl-PL","@id":"https:\/\/landing.fomei.com\/#primaryimage","url":"https:\/\/landing.fomei.com\/wp-content\/uploads\/2022\/06\/FOMEI_logo_WHITE-300x57.png","contentUrl":"https:\/\/landing.fomei.com\/wp-content\/uploads\/2022\/06\/FOMEI_logo_WHITE-300x57.png"},{"@type":"BreadcrumbList","@id":"https:\/\/landing.fomei.com\/#breadcrumb","itemListElement":[{"@type":"ListItem","position":1,"name":"Dom\u016f","item":"https:\/\/landing.fomei.com\/"},{"@type":"ListItem","position":2,"name":"P\u0159ist\u00e1vac\u00ed str\u00e1nka"}]},{"@type":"WebSite","@id":"https:\/\/landing.fomei.com\/#website","url":"https:\/\/landing.fomei.com\/","name":"FOMEI s.r.o.","description":"P\u0159ist\u00e1vac\u00ed str\u00e1nka","publisher":{"@id":"https:\/\/landing.fomei.com\/#organization"},"potentialAction":[{"@type":"SearchAction","target":{"@type":"EntryPoint","urlTemplate":"https:\/\/landing.fomei.com\/?s={search_term_string}"},"query-input":{"@type":"PropertyValueSpecification","valueRequired":true,"valueName":"search_term_string"}}],"inLanguage":"pl-PL"},{"@type":"Organization","@id":"https:\/\/landing.fomei.com\/#organization","name":"FOMEI s.r.o.","url":"https:\/\/landing.fomei.com\/","logo":{"@type":"ImageObject","inLanguage":"pl-PL","@id":"https:\/\/landing.fomei.com\/#\/schema\/logo\/image\/","url":"https:\/\/landing.fomei.com\/wp-content\/uploads\/2022\/06\/FOMEI_logo_colors.png","contentUrl":"https:\/\/landing.fomei.com\/wp-content\/uploads\/2022\/06\/FOMEI_logo_colors.png","width":2048,"height":391,"caption":"FOMEI s.r.o."},"image":{"@id":"https:\/\/landing.fomei.com\/#\/schema\/logo\/image\/"}}]}},"_links":{"self":[{"href":"https:\/\/landing.fomei.com\/pl\/wp-json\/wp\/v2\/pages\/96","targetHints":{"allow":["GET"]}}],"collection":[{"href":"https:\/\/landing.fomei.com\/pl\/wp-json\/wp\/v2\/pages"}],"about":[{"href":"https:\/\/landing.fomei.com\/pl\/wp-json\/wp\/v2\/types\/page"}],"author":[{"embeddable":true,"href":"https:\/\/landing.fomei.com\/pl\/wp-json\/wp\/v2\/users\/1"}],"replies":[{"embeddable":true,"href":"https:\/\/landing.fomei.com\/pl\/wp-json\/wp\/v2\/comments?post=96"}],"version-history":[{"count":0,"href":"https:\/\/landing.fomei.com\/pl\/wp-json\/wp\/v2\/pages\/96\/revisions"}],"wp:attachment":[{"href":"https:\/\/landing.fomei.com\/pl\/wp-json\/wp\/v2\/media?parent=96"}],"curies":[{"name":"wp","href":"https:\/\/api.w.org\/{rel}","templated":true}]}}