{"id":3763,"date":"2025-07-01T12:58:20","date_gmt":"2025-07-01T10:58:20","guid":{"rendered":"https:\/\/landing.fomei.com\/?post_type=product&#038;p=3763"},"modified":"2025-08-06T14:13:26","modified_gmt":"2025-08-06T12:13:26","slug":"mincovni-dalekohled","status":"publish","type":"product","link":"https:\/\/landing.fomei.com\/pl\/produkt\/mincovni-dalekohled\/","title":{"rendered":"Dwie minuty obserwacji krajobrazu przez lornetk\u0119"},"content":{"rendered":"","protected":false},"excerpt":{"rendered":"","protected":false},"featured_media":4129,"template":"","meta":[],"product_brand":[],"product_cat":[52],"product_tag":[],"class_list":{"0":"post-3763","1":"product","2":"type-product","3":"status-publish","4":"has-post-thumbnail","6":"product_cat-nezarazene","8":"first","9":"instock","10":"virtual","11":"taxable","12":"purchasable","13":"product-type-simple"},"yoast_head":"<!-- This site is optimized with the Yoast SEO plugin v27.3 - https:\/\/yoast.com\/product\/yoast-seo-wordpress\/ -->\n<title>Dv\u011b minuty pozorov\u00e1n\u00ed krajiny | B\u00edl\u00e1 v\u011b\u017e HK - FOMEI s.r.o.<\/title>\n<meta name=\"robots\" content=\"index, follow, max-snippet:-1, max-image-preview:large, max-video-preview:-1\" \/>\n<link rel=\"canonical\" href=\"https:\/\/landing.fomei.com\/pl\/produkt\/mincovni-dalekohled\/\" \/>\n<meta property=\"og:locale\" content=\"pl_PL\" \/>\n<meta property=\"og:type\" content=\"article\" \/>\n<meta property=\"og:title\" content=\"Dv\u011b minuty pozorov\u00e1n\u00ed krajiny | B\u00edl\u00e1 v\u011b\u017e HK - FOMEI s.r.o.\" \/>\n<meta property=\"og:url\" content=\"https:\/\/landing.fomei.com\/pl\/produkt\/mincovni-dalekohled\/\" \/>\n<meta property=\"og:site_name\" content=\"FOMEI s.r.o.\" \/>\n<meta property=\"article:modified_time\" content=\"2025-08-06T12:13:26+00:00\" \/>\n<meta property=\"og:image\" content=\"https:\/\/landing.fomei.com\/wp-content\/uploads\/2025\/07\/241025-mincak-0003-scaled.jpg\" \/>\n\t<meta property=\"og:image:width\" content=\"2560\" \/>\n\t<meta property=\"og:image:height\" content=\"1707\" \/>\n\t<meta property=\"og:image:type\" content=\"image\/jpeg\" \/>\n<meta name=\"twitter:card\" content=\"summary_large_image\" \/>\n<meta name=\"twitter:label1\" content=\"Szacowany czas czytania\" \/>\n\t<meta name=\"twitter:data1\" content=\"1 minuta\" \/>\n<script type=\"application\/ld+json\" class=\"yoast-schema-graph\">{\"@context\":\"https:\\\/\\\/schema.org\",\"@graph\":[{\"@type\":\"WebPage\",\"@id\":\"https:\\\/\\\/landing.fomei.com\\\/produkt\\\/mincovni-dalekohled\\\/\",\"url\":\"https:\\\/\\\/landing.fomei.com\\\/produkt\\\/mincovni-dalekohled\\\/\",\"name\":\"Dv\u011b minuty pozorov\u00e1n\u00ed krajiny | B\u00edl\u00e1 v\u011b\u017e HK - FOMEI s.r.o.\",\"isPartOf\":{\"@id\":\"https:\\\/\\\/landing.fomei.com\\\/#website\"},\"primaryImageOfPage\":{\"@id\":\"https:\\\/\\\/landing.fomei.com\\\/produkt\\\/mincovni-dalekohled\\\/#primaryimage\"},\"image\":{\"@id\":\"https:\\\/\\\/landing.fomei.com\\\/produkt\\\/mincovni-dalekohled\\\/#primaryimage\"},\"thumbnailUrl\":\"https:\\\/\\\/landing.fomei.com\\\/wp-content\\\/uploads\\\/2025\\\/07\\\/241025-mincak-0003-scaled.jpg\",\"datePublished\":\"2025-07-01T10:58:20+00:00\",\"dateModified\":\"2025-08-06T12:13:26+00:00\",\"breadcrumb\":{\"@id\":\"https:\\\/\\\/landing.fomei.com\\\/produkt\\\/mincovni-dalekohled\\\/#breadcrumb\"},\"inLanguage\":\"pl-PL\",\"potentialAction\":[{\"@type\":\"ReadAction\",\"target\":[\"https:\\\/\\\/landing.fomei.com\\\/produkt\\\/mincovni-dalekohled\\\/\"]}]},{\"@type\":\"ImageObject\",\"inLanguage\":\"pl-PL\",\"@id\":\"https:\\\/\\\/landing.fomei.com\\\/produkt\\\/mincovni-dalekohled\\\/#primaryimage\",\"url\":\"https:\\\/\\\/landing.fomei.com\\\/wp-content\\\/uploads\\\/2025\\\/07\\\/241025-mincak-0003-scaled.jpg\",\"contentUrl\":\"https:\\\/\\\/landing.fomei.com\\\/wp-content\\\/uploads\\\/2025\\\/07\\\/241025-mincak-0003-scaled.jpg\",\"width\":2560,\"height\":1707},{\"@type\":\"BreadcrumbList\",\"@id\":\"https:\\\/\\\/landing.fomei.com\\\/produkt\\\/mincovni-dalekohled\\\/#breadcrumb\",\"itemListElement\":[{\"@type\":\"ListItem\",\"position\":1,\"name\":\"Dom\u016f\",\"item\":\"https:\\\/\\\/landing.fomei.com\\\/\"},{\"@type\":\"ListItem\",\"position\":2,\"name\":\"Obchod\",\"item\":\"https:\\\/\\\/landing.fomei.com\\\/obchod\\\/\"},{\"@type\":\"ListItem\",\"position\":3,\"name\":\"Dv\u011b minuty pozorov\u00e1n\u00ed krajiny | B\u00edl\u00e1 v\u011b\u017e HK\"}]},{\"@type\":\"WebSite\",\"@id\":\"https:\\\/\\\/landing.fomei.com\\\/#website\",\"url\":\"https:\\\/\\\/landing.fomei.com\\\/\",\"name\":\"FOMEI s.r.o.\",\"description\":\"P\u0159ist\u00e1vac\u00ed str\u00e1nka\",\"publisher\":{\"@id\":\"https:\\\/\\\/landing.fomei.com\\\/#organization\"},\"potentialAction\":[{\"@type\":\"SearchAction\",\"target\":{\"@type\":\"EntryPoint\",\"urlTemplate\":\"https:\\\/\\\/landing.fomei.com\\\/?s={search_term_string}\"},\"query-input\":{\"@type\":\"PropertyValueSpecification\",\"valueRequired\":true,\"valueName\":\"search_term_string\"}}],\"inLanguage\":\"pl-PL\"},{\"@type\":\"Organization\",\"@id\":\"https:\\\/\\\/landing.fomei.com\\\/#organization\",\"name\":\"FOMEI s.r.o.\",\"url\":\"https:\\\/\\\/landing.fomei.com\\\/\",\"logo\":{\"@type\":\"ImageObject\",\"inLanguage\":\"pl-PL\",\"@id\":\"https:\\\/\\\/landing.fomei.com\\\/#\\\/schema\\\/logo\\\/image\\\/\",\"url\":\"https:\\\/\\\/landing.fomei.com\\\/wp-content\\\/uploads\\\/2022\\\/06\\\/FOMEI_logo_colors.png\",\"contentUrl\":\"https:\\\/\\\/landing.fomei.com\\\/wp-content\\\/uploads\\\/2022\\\/06\\\/FOMEI_logo_colors.png\",\"width\":2048,\"height\":391,\"caption\":\"FOMEI s.r.o.\"},\"image\":{\"@id\":\"https:\\\/\\\/landing.fomei.com\\\/#\\\/schema\\\/logo\\\/image\\\/\"}}]}<\/script>\n<!-- \/ Yoast SEO plugin. -->","yoast_head_json":{"title":"Dv\u011b minuty pozorov\u00e1n\u00ed krajiny | B\u00edl\u00e1 v\u011b\u017e HK - FOMEI s.r.o.","robots":{"index":"index","follow":"follow","max-snippet":"max-snippet:-1","max-image-preview":"max-image-preview:large","max-video-preview":"max-video-preview:-1"},"canonical":"https:\/\/landing.fomei.com\/pl\/produkt\/mincovni-dalekohled\/","og_locale":"pl_PL","og_type":"article","og_title":"Dv\u011b minuty pozorov\u00e1n\u00ed krajiny | B\u00edl\u00e1 v\u011b\u017e HK - FOMEI s.r.o.","og_url":"https:\/\/landing.fomei.com\/pl\/produkt\/mincovni-dalekohled\/","og_site_name":"FOMEI s.r.o.","article_modified_time":"2025-08-06T12:13:26+00:00","og_image":[{"width":2560,"height":1707,"url":"https:\/\/landing.fomei.com\/wp-content\/uploads\/2025\/07\/241025-mincak-0003-scaled.jpg","type":"image\/jpeg"}],"twitter_card":"summary_large_image","twitter_misc":{"Szacowany czas czytania":"1 minuta"},"schema":{"@context":"https:\/\/schema.org","@graph":[{"@type":"WebPage","@id":"https:\/\/landing.fomei.com\/produkt\/mincovni-dalekohled\/","url":"https:\/\/landing.fomei.com\/produkt\/mincovni-dalekohled\/","name":"Dv\u011b minuty pozorov\u00e1n\u00ed krajiny | B\u00edl\u00e1 v\u011b\u017e HK - FOMEI s.r.o.","isPartOf":{"@id":"https:\/\/landing.fomei.com\/#website"},"primaryImageOfPage":{"@id":"https:\/\/landing.fomei.com\/produkt\/mincovni-dalekohled\/#primaryimage"},"image":{"@id":"https:\/\/landing.fomei.com\/produkt\/mincovni-dalekohled\/#primaryimage"},"thumbnailUrl":"https:\/\/landing.fomei.com\/wp-content\/uploads\/2025\/07\/241025-mincak-0003-scaled.jpg","datePublished":"2025-07-01T10:58:20+00:00","dateModified":"2025-08-06T12:13:26+00:00","breadcrumb":{"@id":"https:\/\/landing.fomei.com\/produkt\/mincovni-dalekohled\/#breadcrumb"},"inLanguage":"pl-PL","potentialAction":[{"@type":"ReadAction","target":["https:\/\/landing.fomei.com\/produkt\/mincovni-dalekohled\/"]}]},{"@type":"ImageObject","inLanguage":"pl-PL","@id":"https:\/\/landing.fomei.com\/produkt\/mincovni-dalekohled\/#primaryimage","url":"https:\/\/landing.fomei.com\/wp-content\/uploads\/2025\/07\/241025-mincak-0003-scaled.jpg","contentUrl":"https:\/\/landing.fomei.com\/wp-content\/uploads\/2025\/07\/241025-mincak-0003-scaled.jpg","width":2560,"height":1707},{"@type":"BreadcrumbList","@id":"https:\/\/landing.fomei.com\/produkt\/mincovni-dalekohled\/#breadcrumb","itemListElement":[{"@type":"ListItem","position":1,"name":"Dom\u016f","item":"https:\/\/landing.fomei.com\/"},{"@type":"ListItem","position":2,"name":"Obchod","item":"https:\/\/landing.fomei.com\/obchod\/"},{"@type":"ListItem","position":3,"name":"Dv\u011b minuty pozorov\u00e1n\u00ed krajiny | B\u00edl\u00e1 v\u011b\u017e HK"}]},{"@type":"WebSite","@id":"https:\/\/landing.fomei.com\/#website","url":"https:\/\/landing.fomei.com\/","name":"FOMEI s.r.o.","description":"P\u0159ist\u00e1vac\u00ed str\u00e1nka","publisher":{"@id":"https:\/\/landing.fomei.com\/#organization"},"potentialAction":[{"@type":"SearchAction","target":{"@type":"EntryPoint","urlTemplate":"https:\/\/landing.fomei.com\/?s={search_term_string}"},"query-input":{"@type":"PropertyValueSpecification","valueRequired":true,"valueName":"search_term_string"}}],"inLanguage":"pl-PL"},{"@type":"Organization","@id":"https:\/\/landing.fomei.com\/#organization","name":"FOMEI s.r.o.","url":"https:\/\/landing.fomei.com\/","logo":{"@type":"ImageObject","inLanguage":"pl-PL","@id":"https:\/\/landing.fomei.com\/#\/schema\/logo\/image\/","url":"https:\/\/landing.fomei.com\/wp-content\/uploads\/2022\/06\/FOMEI_logo_colors.png","contentUrl":"https:\/\/landing.fomei.com\/wp-content\/uploads\/2022\/06\/FOMEI_logo_colors.png","width":2048,"height":391,"caption":"FOMEI s.r.o."},"image":{"@id":"https:\/\/landing.fomei.com\/#\/schema\/logo\/image\/"}}]}},"_links":{"self":[{"href":"https:\/\/landing.fomei.com\/pl\/wp-json\/wp\/v2\/product\/3763","targetHints":{"allow":["GET"]}}],"collection":[{"href":"https:\/\/landing.fomei.com\/pl\/wp-json\/wp\/v2\/product"}],"about":[{"href":"https:\/\/landing.fomei.com\/pl\/wp-json\/wp\/v2\/types\/product"}],"wp:featuredmedia":[{"embeddable":true,"href":"https:\/\/landing.fomei.com\/pl\/wp-json\/wp\/v2\/media\/4129"}],"wp:attachment":[{"href":"https:\/\/landing.fomei.com\/pl\/wp-json\/wp\/v2\/media?parent=3763"}],"wp:term":[{"taxonomy":"product_brand","embeddable":true,"href":"https:\/\/landing.fomei.com\/pl\/wp-json\/wp\/v2\/product_brand?post=3763"},{"taxonomy":"product_cat","embeddable":true,"href":"https:\/\/landing.fomei.com\/pl\/wp-json\/wp\/v2\/product_cat?post=3763"},{"taxonomy":"product_tag","embeddable":true,"href":"https:\/\/landing.fomei.com\/pl\/wp-json\/wp\/v2\/product_tag?post=3763"}],"curies":[{"name":"wp","href":"https:\/\/api.w.org\/{rel}","templated":true}]}}